{"id":6407,"date":"2017-02-28T07:47:11","date_gmt":"2017-02-28T07:47:11","guid":{"rendered":"https:\/\/machidee.de\/about-machidee\/references\/"},"modified":"2022-08-03T10:40:40","modified_gmt":"2022-08-03T10:40:40","slug":"references","status":"publish","type":"page","link":"https:\/\/machidee.de\/en\/about-machidee\/references\/","title":{"rendered":"References"},"content":{"rendered":"<div class=\"fusion-fullwidth fullwidth-box fusion-builder-row-1 nonhundred-percent-fullwidth non-hundred-percent-height-scrolling Content_publikation\" style=\"--awb-border-radius-top-left:0px;--awb-border-radius-top-right:0px;--awb-border-radius-bottom-right:0px;--awb-border-radius-bottom-left:0px;--awb-flex-wrap:wrap;\" ><div class=\"fusion-builder-row fusion-row\"><div class=\"fusion-layout-column fusion_builder_column fusion-builder-column-0 fusion_builder_column_1_1 1_1 fusion-one-full fusion-column-first fusion-column-last custom-list\" style=\"--awb-bg-size:cover;--awb-margin-top:0px;--awb-margin-bottom:0px;\"><div class=\"fusion-column-wrapper fusion-flex-column-wrapper-legacy\"><div class=\"fusion-text fusion-text-1\"><h1 class=\"fusion-responsive-typography-calculated\" style=\"--fontsize: 24; line-height: 1.4;\" data-fontsize=\"24\" data-lineheight=\"33.6px\">customer\/clients<\/h1>\n<ul>\n<li>Adobe Deutschland<\/li>\n<li>Amt f\u00fcr Umwelt, Frauenfeld (CH)<\/li>\n<li>Autodesk (D)<\/li>\n<li>Autodesk (USA)<\/li>\n<li>Axpo AG, Baden (CH)<\/li>\n<li>Bundesanstalt f\u00fcr Wasserbau<\/li>\n<li>CRB (CH)<\/li>\n<li>COWI (DK)<\/li>\n<li>Christoph Merian Stiftung Basel<\/li>\n<li>Gew\u00e4sserdirektion N\u00f6rdlicher Oberrhein<\/li>\n<li>Gew\u00e4sserdirektion S\u00fcdlicher Oberrhein<\/li>\n<li>Hochschule f\u00fcr Technik und Wirtschaft, Karlsruhe<\/li>\n<li>Holinger AG (CH)<\/li>\n<li>HSR Rapperswil (CH)<\/li>\n<li>Institut f\u00fcr Landschafts\u00f6kologie und Naturschutz B\u00fchl (ILN)<\/li>\n<li>Karlsruhe Institute of Technology (KIT)<\/li>\n<li>Liegenschaftsamt Karlsruhe<\/li>\n<li>MaxMakers Ltd. (CH)<\/li>\n<li>Metron AG (CH)<\/li>\n<li>MSE Micro Solution Engineering GmbH<\/li>\n<li>Naturkunde- und Landesmuseum M\u00fcnster<\/li>\n<li>Naturschutzzentrum Karlsruhe<\/li>\n<li>NOK Baden (CH)<\/li>\n<li>nrp ingenieure ag (CH)<\/li>\n<li>Pfalzmuseum f\u00fcr Naturkunde<\/li>\n<li>Pollichia, Verein f\u00fcr Naturforschung und Landespflege e.V.<\/li>\n<li>PR Landschaftsarchitektur GmbH (CH)<\/li>\n<li>Regierungspr\u00e4sidium Freiburg<\/li>\n<li>Regierungspr\u00e4sidium Karlsruhe<\/li>\n<li>RIWWERSIDE MANNHEIM<\/li>\n<li>Stadt Frankfurt am Main, Umweltamt<\/li>\n<li>Stadt Karlsruhe Liegenschaftsamt<\/li>\n<li>Stadtwerke Karlsruhe GmbH<\/li>\n<li>Technologiepark Karlsruhe<\/li>\n<li>Tiefbauamt Basel Stadt<\/li>\n<li>Tiefbauamt Karlsruhe<\/li>\n<li>TK Consult AG (CH)<\/li>\n<li>TU Kaiserslautern<\/li>\n<li>Verbandsgemeinde Bad Bergzabern<\/li>\n<li>Volocopter GmbH<\/li>\n<li><span class=\"popup_text\"><span id=\"contentidseq100s2\">WALD + CORBE Consulting GmbH<\/span><\/span><span class=\"popup_text\"><span id=\"contentidseq100s2\"><br \/>\n<\/span><\/span><\/li>\n<li>WAT Ingenieurgesellschaft<\/li>\n<li>WSA K\u00f6ln<\/li>\n<li>WBW Fortbildungsgesellschaft<\/li>\n<li>Zweckverband Rheintaler Binnenkanal (CH)<\/li>\n<li>ZKM Zentrum f\u00fcr Kunst und Medien<\/li>\n<\/ul>\n<\/div><div class=\"fusion-clearfix\"><\/div><\/div><\/div><\/div><\/div>\n","protected":false},"excerpt":{"rendered":"","protected":false},"author":5,"featured_media":0,"parent":6403,"menu_order":1,"comment_status":"closed","ping_status":"closed","template":"","meta":{"footnotes":""},"class_list":["post-6407","page","type-page","status-publish","hentry"],"_links":{"self":[{"href":"https:\/\/machidee.de\/en\/wp-json\/wp\/v2\/pages\/6407","targetHints":{"allow":["GET"]}}],"collection":[{"href":"https:\/\/machidee.de\/en\/wp-json\/wp\/v2\/pages"}],"about":[{"href":"https:\/\/machidee.de\/en\/wp-json\/wp\/v2\/types\/page"}],"author":[{"embeddable":true,"href":"https:\/\/machidee.de\/en\/wp-json\/wp\/v2\/users\/5"}],"replies":[{"embeddable":true,"href":"https:\/\/machidee.de\/en\/wp-json\/wp\/v2\/comments?post=6407"}],"version-history":[{"count":0,"href":"https:\/\/machidee.de\/en\/wp-json\/wp\/v2\/pages\/6407\/revisions"}],"up":[{"embeddable":true,"href":"https:\/\/machidee.de\/en\/wp-json\/wp\/v2\/pages\/6403"}],"wp:attachment":[{"href":"https:\/\/machidee.de\/en\/wp-json\/wp\/v2\/media?parent=6407"}],"curies":[{"name":"wp","href":"https:\/\/api.w.org\/{rel}","templated":true}]}}