{"id":6882,"date":"2016-12-23T14:02:06","date_gmt":"2016-12-23T14:02:06","guid":{"rendered":"https:\/\/machidee.de\/imprint-impressum-german-version-only\/"},"modified":"2025-09-02T12:51:14","modified_gmt":"2025-09-02T12:51:14","slug":"imprint-impressum-german-version-only","status":"publish","type":"page","link":"https:\/\/machidee.de\/en\/imprint-impressum-german-version-only\/","title":{"rendered":"Imprint &#8211; Impressum &#8211; German Version only"},"content":{"rendered":"<div class=\"fusion-fullwidth fullwidth-box fusion-builder-row-1 nonhundred-percent-fullwidth non-hundred-percent-height-scrolling\" style=\"--awb-border-radius-top-left:0px;--awb-border-radius-top-right:0px;--awb-border-radius-bottom-right:0px;--awb-border-radius-bottom-left:0px;--awb-background-color:#343434;--awb-flex-wrap:wrap;\" ><div class=\"fusion-builder-row fusion-row\"><div class=\"fusion-layout-column fusion_builder_column fusion-builder-column-0 fusion_builder_column_1_1 1_1 fusion-one-full fusion-column-first fusion-column-last\" style=\"--awb-padding-right:-20px;--awb-padding-left:-20px;--awb-bg-color:#343434;--awb-bg-color-hover:#343434;--awb-bg-size:cover;\"><div class=\"fusion-column-wrapper fusion-flex-column-wrapper-legacy\"><div class=\"fusion-text fusion-text-1\"><h1>Impressum\u00a0mach:idee, Ing.-B\u00fcro R.Mach<\/h1>\n<h2 class=\"free\">Angaben gem\u00e4\u00df \u00a7 5 DDG<\/h2>\n<p>mach:idee, Ing.-B\u00fcro R.Mach<\/p>\n<p>Eisenbahnstr. 21<\/p>\n<p>D-76744 W\u00f6rth am Rhein<\/p>\n<h2>Vertreten durch<\/h2>\n<p>Dipl.-Ing. (FH) R\u00fcdiger Mach<\/p>\n<h2>Kontakt<\/h2>\n<p>Telefon: 07271 5989560<\/p>\n<p>Telefax: 07271 5989561<\/p>\n<p>E-Mail: info[ad]machidee.de<\/p>\n<h2>Umsatzsteuer<\/h2>\n<p>Umsatzsteuer-Identifikationsnummer gem\u00e4\u00df \u00a7 27a Umsatzsteuergesetz: DE 171328601<\/p>\n<h2>Urheberrecht<\/h2>\n<p>Inhalt, Design und Struktur der Website unterliegen dem Urheberrecht. Eine Vervielf\u00e4ltigung, Weitergabe, Ver\u00e4nderung, gewerbliche Nutzung oder weitere Verwendung der Texte, Bilder und Videodateien ist ohne ausdr\u00fcckliche Genehmigung von mach:idee, R\u00fcdiger Mach nicht gestattet.<\/p>\n<p>Soweit die Inhalte auf dieser Seite nicht vom Betreiber erstellt wurden, werden die Urheberrechte Dritter beachtet. Insbesondere werden Inhalte Dritter als solche gekennzeichnet. Sollten Sie trotzdem auf eine Urheberrechtsverletzung aufmerksam werden, bitten wir um einen entsprechenden Hinweis. Bei<br \/>\nBekanntwerden von Rechtsverletzungen werden wir derartige Inhalte umgehend entfernen.<\/p>\n<p>Quelle: <a href=\"https:\/\/www.e-recht24.de\" target=\"_blank\" rel=\"noopener\">https:\/\/www.e-recht24.de<\/a><\/p>\n<h2>Haftung f\u00fcr Links<\/h2>\n<p>Hiermit distanzieren wir uns ausdr\u00fccklich von allen Inhalten aller gelinkten Seiten auf unserer Homepage und machen uns diese Inhalte nicht zu eigen. Diese Erkl\u00e4rung gilt f\u00fcr alle auf unseren Internetseiten angebrachten Links! Trotz sorgf\u00e4ltiger inhaltlicher Kontrolle \u00fcbernehmen wir keine Haftung f\u00fcr die Inhalte externer Links. F\u00fcr den Inhalt der verlinkten Seiten sind ausschlie\u00dflich deren Betreiber verantwortlich. Die verlinkten Seiten wurden zum Zeitpunkt der Verlinkung auf m\u00f6gliche Rechtsverst\u00f6\u00dfe \u00fcberpr\u00fcft. Rechtswidrige Inhalte waren zum Zeitpunkt der Verlinkung nicht erkennbar. Eine permanente inhaltliche Kontrolle der verlinkten Seiten ist jedoch ohne konkrete Anhaltspunkte einer Rechtsverletzung nicht zumutbar. Bei Bekanntwerden von Rechtsverletzungen werden wir derartige Links umgehend entfernen.<\/p>\n<h2>Haftung f\u00fcr Inhalte<\/h2>\n<p>Als Dienstleister sind wir gem\u00e4\u00df \u00a7 7 Abs.1 DDG f\u00fcr eigene Inhalte auf unseren Seiten nach den allgemeinen Gesetzen verantwortlich. Nach \u00a7\u00a7 8 bis 10 DDG sind wir als Diensteanbieter jedoch nicht verpflichtet, \u00fcbermittelte oder gespeicherte fremde Informationen zu \u00fcberwachen oder nach Umst\u00e4nden<br \/>\nzu forschen, die auf eine rechtswidrige T\u00e4tigkeit hinweisen.<\/p>\n<p>Das Ingenieurb\u00fcro mach:idee, R\u00fcdiger Mach \u00fcbernimmt keinerlei Gew\u00e4hr f\u00fcr die Aktualit\u00e4t, Vollst\u00e4ndigkeit oder Qualit\u00e4t der bereitgestellten Informationen. Haftungsanspr\u00fcche, welche sich auf Sch\u00e4den materieller oder ideeller Art beziehen, die durch Verwendung der dargebotenen Informationen bzw. durch Verwendung fehlerhafter und unvollst\u00e4ndiger Informationen verursacht worden sind, sind ausgeschlossen.<\/p>\n<p>Verpflichtungen zur Entfernung oder Sperrung der Nutzung von Informationen nach den allgemeinen Gesetzen bleiben hiervon unber\u00fchrt. Eine diesbez\u00fcgliche Haftung ist jedoch erst ab dem Zeitpunkt der Kenntnis einer konkreten Rechtsverletzung m\u00f6glich. Bei Bekanntwerden von entsprechenden Rechtsverletzungen werden wir diese Inhalte umgehend entfernen.<\/p>\n<\/div><div class=\"fusion-clearfix\"><\/div><\/div><\/div><\/div><\/div>\n","protected":false},"excerpt":{"rendered":"","protected":false},"author":5,"featured_media":0,"parent":0,"menu_order":0,"comment_status":"closed","ping_status":"closed","template":"","meta":{"footnotes":""},"class_list":["post-6882","page","type-page","status-publish","hentry"],"_links":{"self":[{"href":"https:\/\/machidee.de\/en\/wp-json\/wp\/v2\/pages\/6882","targetHints":{"allow":["GET"]}}],"collection":[{"href":"https:\/\/machidee.de\/en\/wp-json\/wp\/v2\/pages"}],"about":[{"href":"https:\/\/machidee.de\/en\/wp-json\/wp\/v2\/types\/page"}],"author":[{"embeddable":true,"href":"https:\/\/machidee.de\/en\/wp-json\/wp\/v2\/users\/5"}],"replies":[{"embeddable":true,"href":"https:\/\/machidee.de\/en\/wp-json\/wp\/v2\/comments?post=6882"}],"version-history":[{"count":0,"href":"https:\/\/machidee.de\/en\/wp-json\/wp\/v2\/pages\/6882\/revisions"}],"wp:attachment":[{"href":"https:\/\/machidee.de\/en\/wp-json\/wp\/v2\/media?parent=6882"}],"curies":[{"name":"wp","href":"https:\/\/api.w.org\/{rel}","templated":true}]}}